{"id":8516,"date":"2026-03-16T02:09:03","date_gmt":"2026-03-15T21:09:03","guid":{"rendered":"https:\/\/petslovethat.com\/rewards\/"},"modified":"2026-03-18T18:05:58","modified_gmt":"2026-03-18T13:05:58","slug":"rewards","status":"publish","type":"page","link":"https:\/\/petslovethat.com\/es\/rewards\/","title":{"rendered":"Recompensa"},"content":{"rendered":"<div class=\"spar-rewards-dashboard\"><div class=\"spar-rewards-overview spar-guest-mode\"><h2>Reward Points Dashboard<\/h2><p class=\"spar-overview-subtitle\">Track your rewards, level up, and claim exciting benefits!<\/p><div class=\"spar-guest-note\">Log in or create an account to start earning and tracking your points.<\/div><div class=\"spar-rewards-stats\"><div class=\"spar-rewards-stat\"><span id=\"spar-stat-available-points\" class=\"spar-rewards-stat-number\">0<\/span><div class=\"spar-rewards-stat-label\">Available Reward Points<\/div><div class=\"spar-rewards-stat-sublabel\">Ready to spend<\/div><\/div><div class=\"spar-rewards-stat\"><span id=\"spar-stat-total-earned\" class=\"spar-rewards-stat-number\">0<\/span><div class=\"spar-rewards-stat-label\">Total Earned<\/div><div class=\"spar-rewards-stat-sublabel\">Lifetime achievement<\/div><\/div><\/div><\/div><div class=\"spar-tabs\"><div class=\"spar-tabs-nav\" role=\"tablist\" aria-label=\"Rewards Sections\"><button type=\"button\" class=\"spar-tab-nav is-active\" data-tab=\"spar-tab-earn\" role=\"tab\" aria-controls=\"spar-tab-earn\" aria-selected=\"true\">Earn Points<\/button><button type=\"button\" class=\"spar-tab-nav\" data-tab=\"spar-tab-claim\" role=\"tab\" aria-controls=\"spar-tab-claim\" aria-selected=\"false\">Claim Rewards<\/button><button type=\"button\" class=\"spar-tab-nav\" data-tab=\"spar-tab-levels\" role=\"tab\" aria-controls=\"spar-tab-levels\" aria-selected=\"false\">Levels<\/button><button type=\"button\" class=\"spar-tab-nav\" data-tab=\"spar-tab-get-started\" role=\"tab\" aria-controls=\"spar-tab-get-started\" aria-selected=\"false\">Get Started<\/button><\/div><div class=\"spar-tabs-mobile\"><label class=\"screen-reader-text\" for=\"spar-tabs-select\">Select Rewards Section<\/label><select id=\"spar-tabs-select\" class=\"spar-tabs-select\" aria-label=\"Rewards Sections\"><option value=\"spar-tab-earn\" selected>Earn Points<\/option><option value=\"spar-tab-claim\">Claim Rewards<\/option><option value=\"spar-tab-levels\">Levels<\/option><option value=\"spar-tab-get-started\">Get Started<\/option><\/select><\/div>\t<div class=\"spar-tabs-content\">\r\n\t<div class=\"spar-tab-panel is-active\" id=\"spar-tab-earn\">\t\t\t\t<div class=\"spar-section\">\r\n\t\t\t\t\t<p class=\"spar-earn-intro-text\">You can earn points by completing the following actions.<\/p><div class=\"spar-earn-grid\">\r\n\t\t<\/div>\r\n\r\n<div style=\"clear: both\"><\/div>\r\n\t\t\t\t<\/div>\r\n\t\t\t\t<\/div><div class=\"spar-tab-panel\" id=\"spar-tab-claim\">\t\t\t\t<div class=\"spar-section\">\r\n\t\t\t\t\t\r\n<h3 class=\"spar-redeem-title\">Ways to redeem reward points<\/h3>\r\n<p class=\"spar-redeem-intro\">Convert your earned reward points into exciting rewards.<\/p>\r\n\r\n<div class=\"spar-redeem-grid\">\r\n\t\t\t\t\t\t<div class=\"spar-box\">\r\n\t\t\t\t\t\t\t\t\t<div style=\"font-size: 35px; height: 50px; margin-bottom: 15px; margin-top: -5px;\">&#128179;<\/div>\r\n\t\t\t\t\t\t\t\t\r\n\t\t\t\t<!-- Always show reward name -->\r\n\t\t\t\t<h4>$5 Voucher<\/h4>\r\n\t\t\t\t\r\n\t\t\t\t\t\t\t\t\r\n\t\t\t\t<!-- Always show reward points cost -->\r\n\t\t\t\t<p class=\"spar-redeem-cost\">499 Reward Points<\/p>\r\n\r\n\t\t\t\t<!-- Always show reward value\/description -->\r\n\t\t\t\t<p>Voucher Value: <span class=\"woocommerce-Price-amount amount\"><span class=\"woocommerce-Price-currencySymbol\">$US<\/span>5.00<\/span><\/p>\r\n\t\t\t\t<!-- Show remaining text if enabled in account options -->\r\n\t\t\t\t\t\t\t\t\t<!-- Always show basic status even if remaining_text is disabled -->\r\n\t\t\t\t\t<p style=\"font-size: 12px; margin-top: 10px; margin-bottom: 0; color: #666;\">\r\n\t\t\t\t\t\tNeed 499 more reward points\t\t\t\t\t<\/p>\r\n\t\t\t\t\r\n\t\t\t\t<!-- Show redemption progress bar if enabled -->\r\n\t\t\t\t\r\n\t\t\t\t<p class=\"spar-redemption-button\" style=\"pointer-events: none; opacity: 0.5;\">\r\n\t\t\t\t\t<a class=\"button disabled\" href=\"https:\/\/petslovethat.com\/es?spar_redeem_id=reward_quybBAFJ&#038;spar_nonce=25703510c0\"  disabled='disabled'>\r\n\t\t\t\t\t\tClaim Now\t\t\t\t\t<\/a>\r\n\t\t\t\t<\/p>\r\n\t\t\t<\/div>\r\n\t\t\t\t\t<div class=\"spar-box\">\r\n\t\t\t\t\t\t\t\t\t<div style=\"font-size: 35px; height: 50px; margin-bottom: 15px; margin-top: -5px;\">&#128179;<\/div>\r\n\t\t\t\t\t\t\t\t\r\n\t\t\t\t<!-- Always show reward name -->\r\n\t\t\t\t<h4>$15 Voucher<\/h4>\r\n\t\t\t\t\r\n\t\t\t\t\t\t\t\t\r\n\t\t\t\t<!-- Always show reward points cost -->\r\n\t\t\t\t<p class=\"spar-redeem-cost\">1000 Reward Points<\/p>\r\n\r\n\t\t\t\t<!-- Always show reward value\/description -->\r\n\t\t\t\t<p>Voucher Value: <span class=\"woocommerce-Price-amount amount\"><span class=\"woocommerce-Price-currencySymbol\">$US<\/span>10.00<\/span><\/p>\r\n\t\t\t\t<!-- Show remaining text if enabled in account options -->\r\n\t\t\t\t\t\t\t\t\t<!-- Always show basic status even if remaining_text is disabled -->\r\n\t\t\t\t\t<p style=\"font-size: 12px; margin-top: 10px; margin-bottom: 0; color: #666;\">\r\n\t\t\t\t\t\tNeed 1000 more reward points\t\t\t\t\t<\/p>\r\n\t\t\t\t\r\n\t\t\t\t<!-- Show redemption progress bar if enabled -->\r\n\t\t\t\t\r\n\t\t\t\t<p class=\"spar-redemption-button\" style=\"pointer-events: none; opacity: 0.5;\">\r\n\t\t\t\t\t<a class=\"button disabled\" href=\"https:\/\/petslovethat.com\/es?spar_redeem_id=reward_NFnfr349&#038;spar_nonce=25703510c0\"  disabled='disabled'>\r\n\t\t\t\t\t\tClaim Now\t\t\t\t\t<\/a>\r\n\t\t\t\t<\/p>\r\n\t\t\t<\/div>\r\n\t\t\t\t\t<div class=\"spar-box\">\r\n\t\t\t\t\t\t\t\t\r\n\t\t\t\t<!-- Always show reward name -->\r\n\t\t\t\t<h4>Free Product<\/h4>\r\n\t\t\t\t\r\n\t\t\t\t\t\t\t\t\r\n\t\t\t\t<!-- Always show reward points cost -->\r\n\t\t\t\t<p class=\"spar-redeem-cost\">2000 Reward Points<\/p>\r\n\r\n\t\t\t\t<!-- Always show reward value\/description -->\r\n\t\t\t\t\r\n\t\t\t\t<!-- Show remaining text if enabled in account options -->\r\n\t\t\t\t\t\t\t\t\t<!-- Always show basic status even if remaining_text is disabled -->\r\n\t\t\t\t\t<p style=\"font-size: 12px; margin-top: 10px; margin-bottom: 0; color: #666;\">\r\n\t\t\t\t\t\tNeed 2000 more reward points\t\t\t\t\t<\/p>\r\n\t\t\t\t\r\n\t\t\t\t<!-- Show redemption progress bar if enabled -->\r\n\t\t\t\t\r\n\t\t\t\t<p class=\"spar-redemption-button\" style=\"pointer-events: none; opacity: 0.5;\">\r\n\t\t\t\t\t<a class=\"button disabled\" href=\"https:\/\/petslovethat.com\/es?spar_redeem_id=reward_zS3bDnH2&#038;spar_nonce=25703510c0\"  disabled='disabled'>\r\n\t\t\t\t\t\tClaim Now\t\t\t\t\t<\/a>\r\n\t\t\t\t<\/p>\r\n\t\t\t<\/div>\r\n\t\t\t\r\n\t<\/div>\r\n\r\n<div style=\"clear: both; margin-bottom: 0px;\"><\/div>\r\n\r\n<h3 class=\"spar-pd-heading spar-redeem-title has-vouchers\">Points Discounts<\/h3><p class=\"spar-redeem-intro\">Use your points to get an instant discount on your next order.<\/p><p class=\"spar-redeem-rate\">Current rate: $US5.00 per 100 points<\/p><p class=\"spar-redeem-worth\">Your 0 points are worth approximately $US0.00.<\/p><div class=\"spar-cart-empty-state spar-cart-empty-state-dash\"><div class=\"spar-cart-empty-icon spar-cart-empty-icon-dash\">\ud83d\uded2<\/div><div class=\"spar-cart-empty-title spar-cart-empty-title-dash\">Add items to your cart to redeem points at checkout.<\/div><\/div>\t\t\t\t<\/div>\r\n\t\t\t\t<\/div><div class=\"spar-tab-panel\" id=\"spar-tab-levels\">\t\t\t\t\t\t<div class=\"spar-section\">\r\n\t\t\t\t\t\t\t<h3 class=\"spar-redeem-title\">Your Level &amp; Progress<\/h3>\r\n\t\t\t\t\t\t\t\t\t\t\t\t\t\t\t<div class=\"spar-empty-levels\">\r\n\t\t\t\t\t\t\t\t\t<div class=\"spar-empty-icon\">\ud83c\udf31<\/div>\r\n\t\t\t\t\t\t\t\t\t<h4>Join to Level Up<\/h4>\r\n\t\t\t\t\t\t\t\t\t<p>Create an account to start earning points and unlock your first level.<\/p>\r\n\t\t\t\t\t\t\t\t\t<div class=\"spar-empty-chip\">\r\n\t\t\t\t\t\t\t\t\t\t<span>0 points earned so far<\/span>\r\n\t\t\t\t\t\t\t\t\t<\/div>\r\n\t\t\t\t\t\t\t\t<\/div>\r\n\t\t\t\t\t\t\t\r\n\t\t\t\t\t\t\t<br\/>\r\n\t\t\t\t\t\t\t<div class=\"spar-all-levels\">\r\n\t\t\t\t\t\t\t\t<h4 class=\"spar-all-levels-title\"><span>\ud83c\udfaf<\/span> All Levels<\/h4>\r\n\t\t\t\t\t\t\t\t<div class=\"spar-levels-grid\">\r\n\t\t\t\t\t\t\t\t\t\r\n\t\t\t\t\t\t\t\t\t\t\t\t\t\t\t\t\t\t\t\t\t\t\t\t\t\t\t\t\t\t\t\r\n\t\t\t\t\t\t\t\t\t\t<div class=\"spar-level-card is-unlocked\">\r\n\t\t\t\t\t\t\t\t\t\t\t\t\t\t\t\t\t\t\t\t\t\t\t<div class=\"spar-badge-check\">\u2713<\/div>\r\n\t\t\t\t\t\t\t\t\t\t\t\t\t\t\t\t\t\t\t\t\t\t<div class=\"spar-flex-center-gap12 spar-mb-15\">\r\n\t\t\t\t\t\t\t\t\t\t\t\t<span class=\"spar-current-level-icon\">\ud83d\udcab<\/span>\t\t\t\t\t\t\t\t\t\t\t\t<div>\r\n\t\t\t\t\t\t\t\t\t\t\t\t\t<h5 class=\"spar-level-title\">bRONZE<\/h5>\r\n\t\t\t\t\t\t\t\t\t\t\t\t\t<p class=\"spar-level-requirement\">0 points required<\/p>\r\n\t\t\t\t\t\t\t\t\t\t\t\t<\/div>\r\n\t\t\t\t\t\t\t\t\t\t\t<\/div>\r\n\t\t\t\t\t\t\t\t\t\t\t<div class=\"spar-level-benefits\">\r\n\t\t\t\t\t\t\t\t\t\t\t\t<h6 class=\"spar-level-benefits-title\">Benefits:<\/h6>\r\n\t\t\t\t\t\t\t\t\t\t\t\t<ul class=\"spar-level-benefits-list\">\r\n\t\t\t\t\t\t\t\t\t\t\t\t\t\t\t\t\t\t\t\t\t\t\t\t\t\t\t<li>5 points per $US1.00 spent<\/li>\r\n\t\t\t\t\t\t\t\t\t\t\t\t\t\t\t\t\t\t\t\t\t\t\t\t\t\t\t<li>100 points for each referral<\/li>\r\n\t\t\t\t\t\t\t\t\t\t\t\t\t\t\t\t\t\t\t\t\t\t\t\t\t\t\t<li>No extra benefits<\/li>\r\n\t\t\t\t\t\t\t\t\t\t\t\t\t\t\t\t\t\t\t\t\t\t\t\t\t<\/ul>\r\n\t\t\t\t\t\t\t\t\t\t\t<\/div>\r\n\t\t\t\t\t\t\t\t\t\t<\/div>\r\n\t\t\t\t\t\t\t\t\t\t\t\t\t\t\t\t\t<\/div>\r\n\t\t\t\t\t\t\t<\/div>\r\n\t\t\t\t\t\t<\/div>\r\n\t\t\t\t\t\t<\/div><div class=\"spar-tab-panel\" id=\"spar-tab-get-started\"><div class=\"spar-section\"><div class=\"woocommerce-notices-wrapper\"><\/div><div class=\"woocommerce-notices-wrapper\"><\/div>\n\n<div class=\"u-columns col2-set\" id=\"customer_login\">\n\n\t<div class=\"u-column1 col-1\">\n\n\n\t\t<h2 data-no-translation=\"\" data-trp-gettext=\"\">Login<\/h2>\n\n\t\t<form class=\"woocommerce-form woocommerce-form-login login\" method=\"post\" novalidate action=\"\">\n\n\t\t\t\n\t\t\t<p class=\"woocommerce-form-row woocommerce-form-row--wide form-row form-row-wide\">\n\t\t\t\t<label for=\"username\">Username or email address&nbsp;<span class=\"required\" aria-hidden=\"true\">*<\/span><span class=\"screen-reader-text\" data-no-translation=\"\" data-trp-gettext=\"\">Required<\/span><\/label>\n\t\t\t\t<input type=\"text\" class=\"woocommerce-Input woocommerce-Input--text input-text\" name=\"username\" id=\"username\" autocomplete=\"username\" value=\"\" required aria-required=\"true\" \/>\t\t\t<\/p>\n\t\t\t<p class=\"woocommerce-form-row woocommerce-form-row--wide form-row form-row-wide\">\n\t\t\t\t<label for=\"password\">Password&nbsp;<span class=\"required\" aria-hidden=\"true\">*<\/span><span class=\"screen-reader-text\" data-no-translation=\"\" data-trp-gettext=\"\">Required<\/span><\/label>\n\t\t\t\t<input class=\"woocommerce-Input woocommerce-Input--text input-text\" type=\"password\" name=\"password\" id=\"password\" autocomplete=\"current-password\" required aria-required=\"true\" \/>\n\t\t\t<\/p>\n\n\t\t\t\n\t\t\t<p class=\"form-row\">\n\t\t\t\t<label class=\"woocommerce-form__label woocommerce-form__label-for-checkbox woocommerce-form-login__rememberme\">\n\t\t\t\t\t<input class=\"woocommerce-form__input woocommerce-form__input-checkbox\" name=\"rememberme\" type=\"checkbox\" id=\"rememberme\" value=\"forever\" \/> <span data-no-translation=\"\" data-trp-gettext=\"\">Remember me<\/span>\n\t\t\t\t<\/label>\n\t\t\t\t<input type=\"hidden\" id=\"woocommerce-login-nonce\" name=\"woocommerce-login-nonce\" value=\"0e99ce21e2\" \/><input type=\"hidden\" name=\"_wp_http_referer\" value=\"\/es\/wp-json\/wp\/v2\/pages\/8516\" \/>\t\t\t\t<button type=\"submit\" class=\"woocommerce-button button woocommerce-form-login__submit\" name=\"login\" value=\"Log in\" data-no-translation=\"\" data-trp-gettext=\"\" data-no-translation-value=\"\">Log in<\/button>\n\t\t\t<\/p>\n\t\t\t<p class=\"woocommerce-LostPassword lost_password\">\n\t\t\t\t<a href=\"https:\/\/petslovethat.com\/es\/my-account\/lost-password\/\" data-no-translation=\"\" data-trp-gettext=\"\">Lost your password?<\/a>\n\t\t\t<\/p>\n\n\t\t\t\n\t\t<input type=\"hidden\" name=\"trp-form-language\" value=\"es\"\/><\/form>\n\n\n\t<\/div>\n\n\t<div class=\"u-column2 col-2\">\n\n\t\t<h2 data-no-translation=\"\" data-trp-gettext=\"\">Register<\/h2>\n\n\t\t<form method=\"post\" class=\"woocommerce-form woocommerce-form-register register\" action=\"\"  >\n\n\t\t\t\n\t\t\t\n\t\t\t<p class=\"woocommerce-form-row woocommerce-form-row--wide form-row form-row-wide\">\n\t\t\t\t<label for=\"reg_email\">Email address&nbsp;<span class=\"required\" aria-hidden=\"true\">*<\/span><span class=\"screen-reader-text\" data-no-translation=\"\" data-trp-gettext=\"\">Required<\/span><\/label>\n\t\t\t\t<input type=\"email\" class=\"woocommerce-Input woocommerce-Input--text input-text\" name=\"email\" id=\"reg_email\" autocomplete=\"email\" value=\"\" required aria-required=\"true\" \/>\t\t\t<\/p>\n\n\t\t\t\n\t\t\t\t<p data-no-translation=\"\" data-trp-gettext=\"\">A link to set a new password will be sent to your email address.<\/p>\n\n\t\t\t\n\t\t\t<wc-order-attribution-inputs><\/wc-order-attribution-inputs><div class=\"woocommerce-privacy-policy-text\"><p>Vos donn\u00e9es personnelles seront utilis\u00e9es pour am\u00e9liorer votre exp\u00e9rience sur le site web PetsLoveThat.com, g\u00e9rer l'acc\u00e8s \u00e0 votre compte et \u00e0 d'autres fins d\u00e9crites dans notre <a href=\"https:\/\/petslovethat.com\/es\/privacy-policy\/\" class=\"woocommerce-privacy-policy-link\" target=\"_blank\" data-no-translation=\"\" data-trp-gettext=\"\">privacy policy<\/a>.<\/p>\n<\/div>\n\t\t\t<p class=\"woocommerce-form-row form-row\">\n\t\t\t\t<input type=\"hidden\" id=\"woocommerce-register-nonce\" name=\"woocommerce-register-nonce\" value=\"5cd0e89ec0\" \/><input type=\"hidden\" name=\"_wp_http_referer\" value=\"\/es\/wp-json\/wp\/v2\/pages\/8516\" \/>\t\t\t\t<button type=\"submit\" class=\"woocommerce-Button woocommerce-button button woocommerce-form-register__submit\" name=\"register\" value=\"Register\" data-no-translation=\"\" data-trp-gettext=\"\" data-no-translation-value=\"\">Register<\/button>\n\t\t\t<\/p>\n\n\t\t\t\n\t\t<input type=\"hidden\" name=\"trp-form-language\" value=\"es\"\/><\/form>\n\n\t<\/div>\n\n<\/div>\n\n<\/div><\/div>\t<\/div>\r\n\t<\/div>\r\n\t<\/div>","protected":false},"excerpt":{"rendered":"","protected":false},"author":1,"featured_media":0,"parent":0,"menu_order":0,"comment_status":"closed","ping_status":"closed","template":"","meta":{"_acf_changed":false,"site-sidebar-layout":"default","site-content-layout":"","ast-site-content-layout":"default","site-content-style":"default","site-sidebar-style":"default","ast-global-header-display":"","ast-banner-title-visibility":"","ast-main-header-display":"","ast-hfb-above-header-display":"","ast-hfb-below-header-display":"","ast-hfb-mobile-header-display":"","site-post-title":"disabled","ast-breadcrumbs-content":"","ast-featured-img":"","footer-sml-layout":"","ast-disable-related-posts":"","theme-transparent-header-meta":"","adv-header-id-meta":"","stick-header-meta":"","header-above-stick-meta":"","header-main-stick-meta":"","header-below-stick-meta":"","astra-migrate-meta-layouts":"default","ast-page-background-enabled":"default","ast-page-background-meta":{"desktop":{"background-color":"var(--ast-global-color-5)","background-image":"","background-repeat":"repeat","background-position":"center center","background-size":"auto","background-attachment":"scroll","background-type":"","background-media":"","overlay-type":"","overlay-color":"","overlay-opacity":"","overlay-gradient":""},"tablet":{"background-color":"","background-image":"","background-repeat":"repeat","background-position":"center center","background-size":"auto","background-attachment":"scroll","background-type":"","background-media":"","overlay-type":"","overlay-color":"","overlay-opacity":"","overlay-gradient":""},"mobile":{"background-color":"","background-image":"","background-repeat":"repeat","background-position":"center center","background-size":"auto","background-attachment":"scroll","background-type":"","background-media":"","overlay-type":"","overlay-color":"","overlay-opacity":"","overlay-gradient":""}},"ast-content-background-meta":{"desktop":{"background-color":"var(--ast-global-color-4)","background-image":"","background-repeat":"repeat","background-position":"center center","background-size":"auto","background-attachment":"scroll","background-type":"","background-media":"","overlay-type":"","overlay-color":"","overlay-opacity":"","overlay-gradient":""},"tablet":{"background-color":"var(--ast-global-color-4)","background-image":"","background-repeat":"repeat","background-position":"center center","background-size":"auto","background-attachment":"scroll","background-type":"","background-media":"","overlay-type":"","overlay-color":"","overlay-opacity":"","overlay-gradient":""},"mobile":{"background-color":"var(--ast-global-color-4)","background-image":"","background-repeat":"repeat","background-position":"center center","background-size":"auto","background-attachment":"scroll","background-type":"","background-media":"","overlay-type":"","overlay-color":"","overlay-opacity":"","overlay-gradient":""}},"footnotes":""},"class_list":["post-8516","page","type-page","status-publish","hentry"],"acf":[],"post_mailing_queue_ids":[],"_links":{"self":[{"href":"https:\/\/petslovethat.com\/es\/wp-json\/wp\/v2\/pages\/8516","targetHints":{"allow":["GET"]}}],"collection":[{"href":"https:\/\/petslovethat.com\/es\/wp-json\/wp\/v2\/pages"}],"about":[{"href":"https:\/\/petslovethat.com\/es\/wp-json\/wp\/v2\/types\/page"}],"author":[{"embeddable":true,"href":"https:\/\/petslovethat.com\/es\/wp-json\/wp\/v2\/users\/1"}],"replies":[{"embeddable":true,"href":"https:\/\/petslovethat.com\/es\/wp-json\/wp\/v2\/comments?post=8516"}],"version-history":[{"count":1,"href":"https:\/\/petslovethat.com\/es\/wp-json\/wp\/v2\/pages\/8516\/revisions"}],"predecessor-version":[{"id":8651,"href":"https:\/\/petslovethat.com\/es\/wp-json\/wp\/v2\/pages\/8516\/revisions\/8651"}],"wp:attachment":[{"href":"https:\/\/petslovethat.com\/es\/wp-json\/wp\/v2\/media?parent=8516"}],"curies":[{"name":"wp","href":"https:\/\/api.w.org\/{rel}","templated":true}]}}